{"id":78,"date":"2026-02-23T04:31:45","date_gmt":"2026-02-23T04:31:45","guid":{"rendered":"https:\/\/clubdiabeticossaludables.org\/?page_id=78"},"modified":"2026-02-23T05:41:47","modified_gmt":"2026-02-23T05:41:47","slug":"diabesalud-2","status":"publish","type":"page","link":"https:\/\/clubdiabeticossaludables.org\/?page_id=78","title":{"rendered":"DIABESALUD"},"content":{"rendered":"\n<p>\u00danete a este programa de salud integral <\/p>\n\n\n\n<figure class=\"wp-block-image size-large\"><img loading=\"lazy\" decoding=\"async\" width=\"1024\" height=\"683\" src=\"https:\/\/clubdiabeticossaludables.org\/wp-content\/uploads\/2026\/02\/Diabetes-Autocuidado-Club-Diabeticos-Saludables-1024x683.jpg\" alt=\"\" class=\"wp-image-54\" srcset=\"https:\/\/clubdiabeticossaludables.org\/wp-content\/uploads\/2026\/02\/Diabetes-Autocuidado-Club-Diabeticos-Saludables-1024x683.jpg 1024w, https:\/\/clubdiabeticossaludables.org\/wp-content\/uploads\/2026\/02\/Diabetes-Autocuidado-Club-Diabeticos-Saludables-300x200.jpg 300w, https:\/\/clubdiabeticossaludables.org\/wp-content\/uploads\/2026\/02\/Diabetes-Autocuidado-Club-Diabeticos-Saludables-768x512.jpg 768w, https:\/\/clubdiabeticossaludables.org\/wp-content\/uploads\/2026\/02\/Diabetes-Autocuidado-Club-Diabeticos-Saludables-1536x1024.jpg 1536w, https:\/\/clubdiabeticossaludables.org\/wp-content\/uploads\/2026\/02\/Diabetes-Autocuidado-Club-Diabeticos-Saludables-2048x1365.jpg 2048w\" sizes=\"auto, (max-width: 1024px) 100vw, 1024px\" \/><\/figure>\n\n\n\n<p> \u00a0 \u00a0 El Programa DIABESALUD te brinda productos y servicios para control y reversi\u00f3n de la diabetes de manera natural, ayud\u00e1ndote a lograr estos 7 objetivos que se resumen tres:<br>-CONOCER LA ENFERMEDAD: Checarse mediante hemoglobina glucosilada y gluc\u00f3metro capilar para monitorear la enfermedad como inicio del autocuidado de la diabetes.<br><br>1.- Educarse para corregir mitos sobre la diabetes. \u00a0 \u00a0 \u00a0 \u00a0 \u00a0 \u00a0 \u00a0 \u00a0 \u00a0 \u00a0 \u00a0 \u00a0 \u00a0 \u00a0 \u00a0 \u00a0 \u00a0 \u00a0 \u00a0 \u00a0 \u00a0 \u00a0 \u00a0 \u00a0 \u00a0 \u00a0 \u00a0 <br><br>2.- Checar Hemoglobina glucosilada cada 3 mesespara evaluar control gluc\u00e9mico. \u00a0 \u00a0 \u00a0 \u00a0 \u00a0 \u00a0 \u00a0 \u00a0 \u00a0 \u00a0 \u00a0 \u00a0 \u00a0 \u00a0 \u00a0 \u00a0 \u00a0 \u00a0 \u00a0 \u00a0 \u00a0 \u00a0 \u00a0 \u00a0 \u00a0 \u00a0 \u00a0 \u00a0 \u00a0 \u00a0 \u00a0 \u00a0 \u00a0 \u00a0 \u00a0 \u00a0 \u00a0 \u00a0 <br>3.- Hacer Automonitoreo frecuente de la glucosa con gluc\u00f3metro.\u00a0 \u00a0 \u00a0 \u00a0 \u00a0 \u00a0 \u00a0 \u00a0 \u00a0 \u00a0 \u00a0 \u00a0 \u00a0 \u00a0 \u00a0 \u00a0 \u00a0 \u00a0 \u00a0 \u00a0 \u00a0 \u00a0 \u00a0 \u00a0 \u00a0 \u00a0 \u00a0 \u00a0 \u00a0 \u00a0 \u00a0 \u00a0<br>-CONTROLAR LA ADICCION:Usar la alimentaci\u00f3n el ayuno nocturno como ant\u00eddoto contra la adicci\u00f3n a los carbohidratos refinados.<br><br>4.- Apego a la terapia nutricional anti adictiva.\u00a0 \u00a0 \u00a0 \u00a0 \u00a0 \u00a0 \u00a0 \u00a0 \u00a0 \u00a0 \u00a0 \u00a0 \u00a0 \u00a0 \u00a0 \u00a0 \u00a0 \u00a0 \u00a0 \u00a0 \u00a0 \u00a0 \u00a0 \u00a0 \u00a0 \u00a0 \u00a0 \u00a0 \u00a0 \u00a0 \u00a0 \u00a0 <br><br>5.- Apego a laterapia deayuno nocturno.<br>-SANAR EL METABOLISMO:Recibir tratamiento nutrace\u00fatico y reducir el estr\u00e9s, descansar y hacer ejercicio f\u00edsico para sanar el metabolismo.<br><br>6.-Apego a la terapia metab\u00f3lica con nutrac\u00e9uticos. \u00a0 \u00a0 \u00a0 \u00a0 \u00a0 \u00a0 \u00a0 \u00a0 \u00a0 \u00a0 \u00a0 \u00a0 \u00a0 \u00a0 \u00a0 \u00a0 \u00a0 \u00a0 \u00a0 \u00a0 \u00a0 \u00a0 \u00a0 \u00a0 \u00a0 \u00a0 \u00a0 \u00a0 \u00a0 \u00a0 \u00a0 \u00a0 \u00a0 \u00a0 \u00a0 \u00a0 \u00a0 \u00a0<br>7.- Promover elestilo de vida saludable: manejo de estr\u00e9s y ejercicio f\u00edsico.<br><br>El Programa DIABESALUD te apoya en lograr estos objetivospara revertir la diabetes con un paquete de productos y serviciosentregadosen sesiones semanales presenciales o en l\u00ednea.<br><br><strong><em>Productos:<\/em><\/strong><br>Manuales e instructivos.\u00a0<br>Suplementos Alimenticios.\u00a0<br>Suplementos nutrace\u00faticos.<br><br><strong><em>Servicios:<\/em><\/strong><br>Laboratorio cl\u00ednico\u00a0<br>Consultor\u00edas\u00a0<br>Asesor\u00edas y<br>Capacitaciones \u00a0 \u00a0 \u00a0 \u00a0 \u00a0 \u00a0 \u00a0 \u00a0 \u00a0 \u00a0 \u00a0 \u00a0 \u00a0 \u00a0 \u00a0 \u00a0 \u00a0 \u00a0 \u00a0 \u00a0 \u00a0 \u00a0 \u00a0 \u00a0 \u00a0 \u00a0 \u00a0 \u00a0 \u00a0 \u00a0 \u00a0 \u00a0 \u00a0 <\/p>\n","protected":false},"excerpt":{"rendered":"<p>\u00danete a este programa de salud integral \u00a0 \u00a0 El Programa DIABESALUD te brinda productos y servicios para control y reversi\u00f3n de la diabetes de manera natural, ayud\u00e1ndote a lograr estos 7 objetivos que se resumen tres:-CONOCER LA ENFERMEDAD: Checarse mediante hemoglobina glucosilada y gluc\u00f3metro capilar para monitorear la enfermedad como inicio del autocuidado de [&hellip;]<\/p>\n","protected":false},"author":1,"featured_media":0,"parent":0,"menu_order":2,"comment_status":"closed","ping_status":"closed","template":"","meta":{"footnotes":""},"class_list":["post-78","page","type-page","status-publish","hentry"],"yoast_head":"<!-- This site is optimized with the Yoast SEO plugin v26.8 - https:\/\/yoast.com\/product\/yoast-seo-wordpress\/ -->\n<title>DIABESALUD - Club Diab\u00e9ticos Saludables A.C.<\/title>\n<meta name=\"robots\" content=\"index, follow, max-snippet:-1, max-image-preview:large, max-video-preview:-1\" \/>\n<link rel=\"canonical\" href=\"https:\/\/clubdiabeticossaludables.org\/?page_id=78\" \/>\n<meta property=\"og:locale\" content=\"es_ES\" \/>\n<meta property=\"og:type\" content=\"article\" \/>\n<meta property=\"og:title\" content=\"DIABESALUD - Club Diab\u00e9ticos Saludables A.C.\" \/>\n<meta property=\"og:description\" content=\"\u00danete a este programa de salud integral \u00a0 \u00a0 El Programa DIABESALUD te brinda productos y servicios para control y reversi\u00f3n de la diabetes de manera natural, ayud\u00e1ndote a lograr estos 7 objetivos que se resumen tres:-CONOCER LA ENFERMEDAD: Checarse mediante hemoglobina glucosilada y gluc\u00f3metro capilar para monitorear la enfermedad como inicio del autocuidado de [&hellip;]\" \/>\n<meta property=\"og:url\" content=\"https:\/\/clubdiabeticossaludables.org\/?page_id=78\" \/>\n<meta property=\"og:site_name\" content=\"Club Diab\u00e9ticos Saludables A.C.\" \/>\n<meta property=\"article:modified_time\" content=\"2026-02-23T05:41:47+00:00\" \/>\n<meta property=\"og:image\" content=\"https:\/\/clubdiabeticossaludables.org\/wp-content\/uploads\/2026\/02\/Diabetes-Autocuidado-Club-Diabeticos-Saludables-scaled.jpg\" \/>\n\t<meta property=\"og:image:width\" content=\"2560\" \/>\n\t<meta property=\"og:image:height\" content=\"1707\" \/>\n\t<meta property=\"og:image:type\" content=\"image\/jpeg\" \/>\n<meta name=\"twitter:card\" content=\"summary_large_image\" \/>\n<meta name=\"twitter:label1\" content=\"Tiempo de lectura\" \/>\n\t<meta name=\"twitter:data1\" content=\"2 minutos\" \/>\n<script type=\"application\/ld+json\" class=\"yoast-schema-graph\">{\"@context\":\"https:\/\/schema.org\",\"@graph\":[{\"@type\":\"WebPage\",\"@id\":\"https:\/\/clubdiabeticossaludables.org\/?page_id=78\",\"url\":\"https:\/\/clubdiabeticossaludables.org\/?page_id=78\",\"name\":\"DIABESALUD - Club Diab\u00e9ticos Saludables A.C.\",\"isPartOf\":{\"@id\":\"https:\/\/clubdiabeticossaludables.org\/#website\"},\"primaryImageOfPage\":{\"@id\":\"https:\/\/clubdiabeticossaludables.org\/?page_id=78#primaryimage\"},\"image\":{\"@id\":\"https:\/\/clubdiabeticossaludables.org\/?page_id=78#primaryimage\"},\"thumbnailUrl\":\"https:\/\/clubdiabeticossaludables.org\/wp-content\/uploads\/2026\/02\/Diabetes-Autocuidado-Club-Diabeticos-Saludables-1024x683.jpg\",\"datePublished\":\"2026-02-23T04:31:45+00:00\",\"dateModified\":\"2026-02-23T05:41:47+00:00\",\"breadcrumb\":{\"@id\":\"https:\/\/clubdiabeticossaludables.org\/?page_id=78#breadcrumb\"},\"inLanguage\":\"es\",\"potentialAction\":[{\"@type\":\"ReadAction\",\"target\":[\"https:\/\/clubdiabeticossaludables.org\/?page_id=78\"]}]},{\"@type\":\"ImageObject\",\"inLanguage\":\"es\",\"@id\":\"https:\/\/clubdiabeticossaludables.org\/?page_id=78#primaryimage\",\"url\":\"https:\/\/clubdiabeticossaludables.org\/wp-content\/uploads\/2026\/02\/Diabetes-Autocuidado-Club-Diabeticos-Saludables-scaled.jpg\",\"contentUrl\":\"https:\/\/clubdiabeticossaludables.org\/wp-content\/uploads\/2026\/02\/Diabetes-Autocuidado-Club-Diabeticos-Saludables-scaled.jpg\",\"width\":2560,\"height\":1707},{\"@type\":\"BreadcrumbList\",\"@id\":\"https:\/\/clubdiabeticossaludables.org\/?page_id=78#breadcrumb\",\"itemListElement\":[{\"@type\":\"ListItem\",\"position\":1,\"name\":\"Portada\",\"item\":\"https:\/\/clubdiabeticossaludables.org\/\"},{\"@type\":\"ListItem\",\"position\":2,\"name\":\"DIABESALUD\"}]},{\"@type\":\"WebSite\",\"@id\":\"https:\/\/clubdiabeticossaludables.org\/#website\",\"url\":\"https:\/\/clubdiabeticossaludables.org\/\",\"name\":\"Club Diab\u00e9ticos Saludables A.C.\",\"description\":\"\",\"potentialAction\":[{\"@type\":\"SearchAction\",\"target\":{\"@type\":\"EntryPoint\",\"urlTemplate\":\"https:\/\/clubdiabeticossaludables.org\/?s={search_term_string}\"},\"query-input\":{\"@type\":\"PropertyValueSpecification\",\"valueRequired\":true,\"valueName\":\"search_term_string\"}}],\"inLanguage\":\"es\"}]}<\/script>\n<!-- \/ Yoast SEO plugin. -->","yoast_head_json":{"title":"DIABESALUD - Club Diab\u00e9ticos Saludables A.C.","robots":{"index":"index","follow":"follow","max-snippet":"max-snippet:-1","max-image-preview":"max-image-preview:large","max-video-preview":"max-video-preview:-1"},"canonical":"https:\/\/clubdiabeticossaludables.org\/?page_id=78","og_locale":"es_ES","og_type":"article","og_title":"DIABESALUD - Club Diab\u00e9ticos Saludables A.C.","og_description":"\u00danete a este programa de salud integral \u00a0 \u00a0 El Programa DIABESALUD te brinda productos y servicios para control y reversi\u00f3n de la diabetes de manera natural, ayud\u00e1ndote a lograr estos 7 objetivos que se resumen tres:-CONOCER LA ENFERMEDAD: Checarse mediante hemoglobina glucosilada y gluc\u00f3metro capilar para monitorear la enfermedad como inicio del autocuidado de [&hellip;]","og_url":"https:\/\/clubdiabeticossaludables.org\/?page_id=78","og_site_name":"Club Diab\u00e9ticos Saludables A.C.","article_modified_time":"2026-02-23T05:41:47+00:00","og_image":[{"width":2560,"height":1707,"url":"https:\/\/clubdiabeticossaludables.org\/wp-content\/uploads\/2026\/02\/Diabetes-Autocuidado-Club-Diabeticos-Saludables-scaled.jpg","type":"image\/jpeg"}],"twitter_card":"summary_large_image","twitter_misc":{"Tiempo de lectura":"2 minutos"},"schema":{"@context":"https:\/\/schema.org","@graph":[{"@type":"WebPage","@id":"https:\/\/clubdiabeticossaludables.org\/?page_id=78","url":"https:\/\/clubdiabeticossaludables.org\/?page_id=78","name":"DIABESALUD - Club Diab\u00e9ticos Saludables A.C.","isPartOf":{"@id":"https:\/\/clubdiabeticossaludables.org\/#website"},"primaryImageOfPage":{"@id":"https:\/\/clubdiabeticossaludables.org\/?page_id=78#primaryimage"},"image":{"@id":"https:\/\/clubdiabeticossaludables.org\/?page_id=78#primaryimage"},"thumbnailUrl":"https:\/\/clubdiabeticossaludables.org\/wp-content\/uploads\/2026\/02\/Diabetes-Autocuidado-Club-Diabeticos-Saludables-1024x683.jpg","datePublished":"2026-02-23T04:31:45+00:00","dateModified":"2026-02-23T05:41:47+00:00","breadcrumb":{"@id":"https:\/\/clubdiabeticossaludables.org\/?page_id=78#breadcrumb"},"inLanguage":"es","potentialAction":[{"@type":"ReadAction","target":["https:\/\/clubdiabeticossaludables.org\/?page_id=78"]}]},{"@type":"ImageObject","inLanguage":"es","@id":"https:\/\/clubdiabeticossaludables.org\/?page_id=78#primaryimage","url":"https:\/\/clubdiabeticossaludables.org\/wp-content\/uploads\/2026\/02\/Diabetes-Autocuidado-Club-Diabeticos-Saludables-scaled.jpg","contentUrl":"https:\/\/clubdiabeticossaludables.org\/wp-content\/uploads\/2026\/02\/Diabetes-Autocuidado-Club-Diabeticos-Saludables-scaled.jpg","width":2560,"height":1707},{"@type":"BreadcrumbList","@id":"https:\/\/clubdiabeticossaludables.org\/?page_id=78#breadcrumb","itemListElement":[{"@type":"ListItem","position":1,"name":"Portada","item":"https:\/\/clubdiabeticossaludables.org\/"},{"@type":"ListItem","position":2,"name":"DIABESALUD"}]},{"@type":"WebSite","@id":"https:\/\/clubdiabeticossaludables.org\/#website","url":"https:\/\/clubdiabeticossaludables.org\/","name":"Club Diab\u00e9ticos Saludables A.C.","description":"","potentialAction":[{"@type":"SearchAction","target":{"@type":"EntryPoint","urlTemplate":"https:\/\/clubdiabeticossaludables.org\/?s={search_term_string}"},"query-input":{"@type":"PropertyValueSpecification","valueRequired":true,"valueName":"search_term_string"}}],"inLanguage":"es"}]}},"_links":{"self":[{"href":"https:\/\/clubdiabeticossaludables.org\/index.php?rest_route=\/wp\/v2\/pages\/78","targetHints":{"allow":["GET"]}}],"collection":[{"href":"https:\/\/clubdiabeticossaludables.org\/index.php?rest_route=\/wp\/v2\/pages"}],"about":[{"href":"https:\/\/clubdiabeticossaludables.org\/index.php?rest_route=\/wp\/v2\/types\/page"}],"author":[{"embeddable":true,"href":"https:\/\/clubdiabeticossaludables.org\/index.php?rest_route=\/wp\/v2\/users\/1"}],"replies":[{"embeddable":true,"href":"https:\/\/clubdiabeticossaludables.org\/index.php?rest_route=%2Fwp%2Fv2%2Fcomments&post=78"}],"version-history":[{"count":5,"href":"https:\/\/clubdiabeticossaludables.org\/index.php?rest_route=\/wp\/v2\/pages\/78\/revisions"}],"predecessor-version":[{"id":114,"href":"https:\/\/clubdiabeticossaludables.org\/index.php?rest_route=\/wp\/v2\/pages\/78\/revisions\/114"}],"wp:attachment":[{"href":"https:\/\/clubdiabeticossaludables.org\/index.php?rest_route=%2Fwp%2Fv2%2Fmedia&parent=78"}],"curies":[{"name":"wp","href":"https:\/\/api.w.org\/{rel}","templated":true}]}}