{"id":106,"date":"2026-02-23T05:32:32","date_gmt":"2026-02-23T05:32:32","guid":{"rendered":"https:\/\/clubdiabeticossaludables.org\/?page_id=106"},"modified":"2026-02-25T06:19:14","modified_gmt":"2026-02-25T06:19:14","slug":"blog","status":"publish","type":"page","link":"https:\/\/clubdiabeticossaludables.org\/?page_id=106","title":{"rendered":"BLOG"},"content":{"rendered":"\n<p><br><strong>Publicaci\u00f3n de art\u00edculos de inter\u00e9s sobre la tem\u00e1tica del sitio<\/strong><\/p>\n\n\n\n<figure class=\"wp-block-image size-large\"><img loading=\"lazy\" decoding=\"async\" width=\"1024\" height=\"595\" src=\"https:\/\/clubdiabeticossaludables.org\/wp-content\/uploads\/2026\/02\/Club-Diabeticos-Saludables.A.C.-diabetes-autociudado-1024x595.jpg\" alt=\"\" class=\"wp-image-122\" srcset=\"https:\/\/clubdiabeticossaludables.org\/wp-content\/uploads\/2026\/02\/Club-Diabeticos-Saludables.A.C.-diabetes-autociudado-1024x595.jpg 1024w, https:\/\/clubdiabeticossaludables.org\/wp-content\/uploads\/2026\/02\/Club-Diabeticos-Saludables.A.C.-diabetes-autociudado-300x174.jpg 300w, https:\/\/clubdiabeticossaludables.org\/wp-content\/uploads\/2026\/02\/Club-Diabeticos-Saludables.A.C.-diabetes-autociudado-768x446.jpg 768w, https:\/\/clubdiabeticossaludables.org\/wp-content\/uploads\/2026\/02\/Club-Diabeticos-Saludables.A.C.-diabetes-autociudado-1536x893.jpg 1536w, https:\/\/clubdiabeticossaludables.org\/wp-content\/uploads\/2026\/02\/Club-Diabeticos-Saludables.A.C.-diabetes-autociudado-2048x1190.jpg 2048w\" sizes=\"auto, (max-width: 1024px) 100vw, 1024px\" \/><\/figure>\n\n\n\n<p>Ejemplos:<\/p>\n\n\n\n<p><strong>\u00bf<\/strong><strong>Por qu\u00e9 cada a\u00f1o aumenta la diabetes en M\u00e9xico y el mundo<\/strong><strong>?&nbsp; &nbsp; &nbsp; &nbsp; &nbsp; &nbsp; &nbsp; &nbsp; &nbsp; &nbsp; &nbsp; &nbsp; &nbsp; &nbsp; &nbsp;<\/strong><\/p>\n\n\n\n<p><strong>Por un enfoque err\u00f3neo al tratar la diabetes intentando controlar la glucosa mediante f\u00e1rmacos y sin corregir esos malos h\u00e1bitos de alimentaci\u00f3n y de vida que causan y perpet\u00faan la diabetes.<\/strong><\/p>\n\n\n\n<p><strong>\u00bf<\/strong><strong>Cu\u00e1l es el verdadero origen de la diabetes<\/strong><strong>?<\/strong><\/p>\n\n\n\n<p><strong>La diabetes tiene un origen en el ambiente llamado obesog\u00e9nico o tambi\u00e9n diabetog\u00e9nico porque en este ambiente aprendemos los h\u00e1bitos alimenticios y de vida que finalmente nos llevan a desarrollar el sobrepeso y la diabetes.&nbsp; &nbsp;<\/strong><\/p>\n\n\n\n<p><strong>\u00bf<\/strong><strong>Cu\u00e1l ser\u00eda el enfoque correcto para no solo controlar sino revertir la diabetes<\/strong><strong>?<\/strong><\/p>\n\n\n\n<p><strong>Atacar la causa de la diabetes y no solo los efectos es decir el aprendiendo h\u00e1bitos de alimentaci\u00f3n y de vida saludables que ayuden a controlar y revertir la diabetes y creando un ambiente o entorno saludable donde se aprendan estos nuevos h\u00e1bitos&nbsp;<\/strong><\/p>\n\n\n\n<p><strong>\u00bf<\/strong><strong>Porque la diabetes es una pandemia y de las m\u00e1s mort\u00edferas de la historia<\/strong><strong>?<\/strong><\/p>\n\n\n\n<p><strong>Las complicaciones de la diabetes (infarto al coraz\u00f3n, derrame cerebral, pie diab\u00e9tico, insuficiencia renal, discapacidad visual.) son las principales causas de hospitalizaci\u00f3n, discapacidad y muerte en M\u00e9xico y reconocida por la OMS como una pandemia mundial.<\/strong><\/p>\n\n\n\n<p><strong>\u00bf<\/strong><strong>Poque la diabetes es una enfermedad enga\u00f1osa y acechante peor que el c\u00e1ncer<\/strong><strong>?<\/strong><\/p>\n\n\n\n<p><strong>La diabetes no controlada no tiene s\u00edntomas espec\u00edficos <\/strong><strong>por eso la estad\u00edstica indica que solo tres de cuatro personas con diabetes no est\u00e1n controladas<\/strong><strong> y sufrir\u00e1n las complicaciones de la enfermedad.&nbsp; &nbsp; &nbsp; &nbsp; &nbsp; &nbsp; &nbsp; &nbsp; &nbsp; &nbsp; &nbsp; &nbsp; &nbsp; &nbsp; &nbsp; &nbsp; &nbsp; &nbsp; &nbsp; &nbsp; &nbsp; &nbsp; &nbsp; &nbsp; &nbsp; &nbsp; &nbsp; &nbsp; &nbsp; &nbsp; &nbsp; &nbsp; La diabetes no se cura, solo se controla, pero tambi\u00e9n se puede revertir.<\/strong><\/p>\n","protected":false},"excerpt":{"rendered":"<p>Publicaci\u00f3n de art\u00edculos de inter\u00e9s sobre la tem\u00e1tica del sitio Ejemplos: \u00bfPor qu\u00e9 cada a\u00f1o aumenta la diabetes en M\u00e9xico y el mundo?&nbsp; &nbsp; &nbsp; &nbsp; &nbsp; &nbsp; &nbsp; &nbsp; &nbsp; &nbsp; &nbsp; &nbsp; &nbsp; &nbsp; &nbsp; Por un enfoque err\u00f3neo al tratar la diabetes intentando controlar la glucosa mediante f\u00e1rmacos y sin corregir esos [&hellip;]<\/p>\n","protected":false},"author":1,"featured_media":0,"parent":0,"menu_order":0,"comment_status":"closed","ping_status":"closed","template":"","meta":{"footnotes":""},"class_list":["post-106","page","type-page","status-publish","hentry"],"yoast_head":"<!-- This site is optimized with the Yoast SEO plugin v26.8 - https:\/\/yoast.com\/product\/yoast-seo-wordpress\/ -->\n<title>BLOG - Club Diab\u00e9ticos Saludables A.C.<\/title>\n<meta name=\"robots\" content=\"index, follow, max-snippet:-1, max-image-preview:large, max-video-preview:-1\" \/>\n<link rel=\"canonical\" href=\"https:\/\/clubdiabeticossaludables.org\/?page_id=106\" \/>\n<meta property=\"og:locale\" content=\"es_ES\" \/>\n<meta property=\"og:type\" content=\"article\" \/>\n<meta property=\"og:title\" content=\"BLOG - Club Diab\u00e9ticos Saludables A.C.\" \/>\n<meta property=\"og:description\" content=\"Publicaci\u00f3n de art\u00edculos de inter\u00e9s sobre la tem\u00e1tica del sitio Ejemplos: \u00bfPor qu\u00e9 cada a\u00f1o aumenta la diabetes en M\u00e9xico y el mundo?&nbsp; &nbsp; &nbsp; &nbsp; &nbsp; &nbsp; &nbsp; &nbsp; &nbsp; &nbsp; &nbsp; &nbsp; &nbsp; &nbsp; &nbsp; Por un enfoque err\u00f3neo al tratar la diabetes intentando controlar la glucosa mediante f\u00e1rmacos y sin corregir esos [&hellip;]\" \/>\n<meta property=\"og:url\" content=\"https:\/\/clubdiabeticossaludables.org\/?page_id=106\" \/>\n<meta property=\"og:site_name\" content=\"Club Diab\u00e9ticos Saludables A.C.\" \/>\n<meta property=\"article:modified_time\" content=\"2026-02-25T06:19:14+00:00\" \/>\n<meta property=\"og:image\" content=\"https:\/\/clubdiabeticossaludables.org\/wp-content\/uploads\/2026\/02\/Club-Diabeticos-Saludables.A.C.-diabetes-autociudado-scaled.jpg\" \/>\n\t<meta property=\"og:image:width\" content=\"2560\" \/>\n\t<meta property=\"og:image:height\" content=\"1488\" \/>\n\t<meta property=\"og:image:type\" content=\"image\/jpeg\" \/>\n<meta name=\"twitter:card\" content=\"summary_large_image\" \/>\n<meta name=\"twitter:label1\" content=\"Tiempo de lectura\" \/>\n\t<meta name=\"twitter:data1\" content=\"2 minutos\" \/>\n<script type=\"application\/ld+json\" class=\"yoast-schema-graph\">{\"@context\":\"https:\/\/schema.org\",\"@graph\":[{\"@type\":\"WebPage\",\"@id\":\"https:\/\/clubdiabeticossaludables.org\/?page_id=106\",\"url\":\"https:\/\/clubdiabeticossaludables.org\/?page_id=106\",\"name\":\"BLOG - Club Diab\u00e9ticos Saludables A.C.\",\"isPartOf\":{\"@id\":\"https:\/\/clubdiabeticossaludables.org\/#website\"},\"primaryImageOfPage\":{\"@id\":\"https:\/\/clubdiabeticossaludables.org\/?page_id=106#primaryimage\"},\"image\":{\"@id\":\"https:\/\/clubdiabeticossaludables.org\/?page_id=106#primaryimage\"},\"thumbnailUrl\":\"https:\/\/clubdiabeticossaludables.org\/wp-content\/uploads\/2026\/02\/Club-Diabeticos-Saludables.A.C.-diabetes-autociudado-1024x595.jpg\",\"datePublished\":\"2026-02-23T05:32:32+00:00\",\"dateModified\":\"2026-02-25T06:19:14+00:00\",\"breadcrumb\":{\"@id\":\"https:\/\/clubdiabeticossaludables.org\/?page_id=106#breadcrumb\"},\"inLanguage\":\"es\",\"potentialAction\":[{\"@type\":\"ReadAction\",\"target\":[\"https:\/\/clubdiabeticossaludables.org\/?page_id=106\"]}]},{\"@type\":\"ImageObject\",\"inLanguage\":\"es\",\"@id\":\"https:\/\/clubdiabeticossaludables.org\/?page_id=106#primaryimage\",\"url\":\"https:\/\/clubdiabeticossaludables.org\/wp-content\/uploads\/2026\/02\/Club-Diabeticos-Saludables.A.C.-diabetes-autociudado-scaled.jpg\",\"contentUrl\":\"https:\/\/clubdiabeticossaludables.org\/wp-content\/uploads\/2026\/02\/Club-Diabeticos-Saludables.A.C.-diabetes-autociudado-scaled.jpg\",\"width\":2560,\"height\":1488},{\"@type\":\"BreadcrumbList\",\"@id\":\"https:\/\/clubdiabeticossaludables.org\/?page_id=106#breadcrumb\",\"itemListElement\":[{\"@type\":\"ListItem\",\"position\":1,\"name\":\"Portada\",\"item\":\"https:\/\/clubdiabeticossaludables.org\/\"},{\"@type\":\"ListItem\",\"position\":2,\"name\":\"BLOG\"}]},{\"@type\":\"WebSite\",\"@id\":\"https:\/\/clubdiabeticossaludables.org\/#website\",\"url\":\"https:\/\/clubdiabeticossaludables.org\/\",\"name\":\"Club Diab\u00e9ticos Saludables A.C.\",\"description\":\"\",\"potentialAction\":[{\"@type\":\"SearchAction\",\"target\":{\"@type\":\"EntryPoint\",\"urlTemplate\":\"https:\/\/clubdiabeticossaludables.org\/?s={search_term_string}\"},\"query-input\":{\"@type\":\"PropertyValueSpecification\",\"valueRequired\":true,\"valueName\":\"search_term_string\"}}],\"inLanguage\":\"es\"}]}<\/script>\n<!-- \/ Yoast SEO plugin. -->","yoast_head_json":{"title":"BLOG - Club Diab\u00e9ticos Saludables A.C.","robots":{"index":"index","follow":"follow","max-snippet":"max-snippet:-1","max-image-preview":"max-image-preview:large","max-video-preview":"max-video-preview:-1"},"canonical":"https:\/\/clubdiabeticossaludables.org\/?page_id=106","og_locale":"es_ES","og_type":"article","og_title":"BLOG - Club Diab\u00e9ticos Saludables A.C.","og_description":"Publicaci\u00f3n de art\u00edculos de inter\u00e9s sobre la tem\u00e1tica del sitio Ejemplos: \u00bfPor qu\u00e9 cada a\u00f1o aumenta la diabetes en M\u00e9xico y el mundo?&nbsp; &nbsp; &nbsp; &nbsp; &nbsp; &nbsp; &nbsp; &nbsp; &nbsp; &nbsp; &nbsp; &nbsp; &nbsp; &nbsp; &nbsp; Por un enfoque err\u00f3neo al tratar la diabetes intentando controlar la glucosa mediante f\u00e1rmacos y sin corregir esos [&hellip;]","og_url":"https:\/\/clubdiabeticossaludables.org\/?page_id=106","og_site_name":"Club Diab\u00e9ticos Saludables A.C.","article_modified_time":"2026-02-25T06:19:14+00:00","og_image":[{"width":2560,"height":1488,"url":"https:\/\/clubdiabeticossaludables.org\/wp-content\/uploads\/2026\/02\/Club-Diabeticos-Saludables.A.C.-diabetes-autociudado-scaled.jpg","type":"image\/jpeg"}],"twitter_card":"summary_large_image","twitter_misc":{"Tiempo de lectura":"2 minutos"},"schema":{"@context":"https:\/\/schema.org","@graph":[{"@type":"WebPage","@id":"https:\/\/clubdiabeticossaludables.org\/?page_id=106","url":"https:\/\/clubdiabeticossaludables.org\/?page_id=106","name":"BLOG - Club Diab\u00e9ticos Saludables A.C.","isPartOf":{"@id":"https:\/\/clubdiabeticossaludables.org\/#website"},"primaryImageOfPage":{"@id":"https:\/\/clubdiabeticossaludables.org\/?page_id=106#primaryimage"},"image":{"@id":"https:\/\/clubdiabeticossaludables.org\/?page_id=106#primaryimage"},"thumbnailUrl":"https:\/\/clubdiabeticossaludables.org\/wp-content\/uploads\/2026\/02\/Club-Diabeticos-Saludables.A.C.-diabetes-autociudado-1024x595.jpg","datePublished":"2026-02-23T05:32:32+00:00","dateModified":"2026-02-25T06:19:14+00:00","breadcrumb":{"@id":"https:\/\/clubdiabeticossaludables.org\/?page_id=106#breadcrumb"},"inLanguage":"es","potentialAction":[{"@type":"ReadAction","target":["https:\/\/clubdiabeticossaludables.org\/?page_id=106"]}]},{"@type":"ImageObject","inLanguage":"es","@id":"https:\/\/clubdiabeticossaludables.org\/?page_id=106#primaryimage","url":"https:\/\/clubdiabeticossaludables.org\/wp-content\/uploads\/2026\/02\/Club-Diabeticos-Saludables.A.C.-diabetes-autociudado-scaled.jpg","contentUrl":"https:\/\/clubdiabeticossaludables.org\/wp-content\/uploads\/2026\/02\/Club-Diabeticos-Saludables.A.C.-diabetes-autociudado-scaled.jpg","width":2560,"height":1488},{"@type":"BreadcrumbList","@id":"https:\/\/clubdiabeticossaludables.org\/?page_id=106#breadcrumb","itemListElement":[{"@type":"ListItem","position":1,"name":"Portada","item":"https:\/\/clubdiabeticossaludables.org\/"},{"@type":"ListItem","position":2,"name":"BLOG"}]},{"@type":"WebSite","@id":"https:\/\/clubdiabeticossaludables.org\/#website","url":"https:\/\/clubdiabeticossaludables.org\/","name":"Club Diab\u00e9ticos Saludables A.C.","description":"","potentialAction":[{"@type":"SearchAction","target":{"@type":"EntryPoint","urlTemplate":"https:\/\/clubdiabeticossaludables.org\/?s={search_term_string}"},"query-input":{"@type":"PropertyValueSpecification","valueRequired":true,"valueName":"search_term_string"}}],"inLanguage":"es"}]}},"_links":{"self":[{"href":"https:\/\/clubdiabeticossaludables.org\/index.php?rest_route=\/wp\/v2\/pages\/106","targetHints":{"allow":["GET"]}}],"collection":[{"href":"https:\/\/clubdiabeticossaludables.org\/index.php?rest_route=\/wp\/v2\/pages"}],"about":[{"href":"https:\/\/clubdiabeticossaludables.org\/index.php?rest_route=\/wp\/v2\/types\/page"}],"author":[{"embeddable":true,"href":"https:\/\/clubdiabeticossaludables.org\/index.php?rest_route=\/wp\/v2\/users\/1"}],"replies":[{"embeddable":true,"href":"https:\/\/clubdiabeticossaludables.org\/index.php?rest_route=%2Fwp%2Fv2%2Fcomments&post=106"}],"version-history":[{"count":2,"href":"https:\/\/clubdiabeticossaludables.org\/index.php?rest_route=\/wp\/v2\/pages\/106\/revisions"}],"predecessor-version":[{"id":136,"href":"https:\/\/clubdiabeticossaludables.org\/index.php?rest_route=\/wp\/v2\/pages\/106\/revisions\/136"}],"wp:attachment":[{"href":"https:\/\/clubdiabeticossaludables.org\/index.php?rest_route=%2Fwp%2Fv2%2Fmedia&parent=106"}],"curies":[{"name":"wp","href":"https:\/\/api.w.org\/{rel}","templated":true}]}}