{"id":101,"date":"2026-02-23T05:20:55","date_gmt":"2026-02-23T05:20:55","guid":{"rendered":"https:\/\/clubdiabeticossaludables.org\/?page_id=101"},"modified":"2026-02-25T06:20:20","modified_gmt":"2026-02-25T06:20:20","slug":"nosotros","status":"publish","type":"page","link":"https:\/\/clubdiabeticossaludables.org\/?page_id=101","title":{"rendered":"NOSOTROS"},"content":{"rendered":"\n<p>\u00bfQu\u00e9 es CLUB DIABETICOS SALUDABLES A.C.?\u00a0<em> \u00a0 \u00a0 \u00a0 \u00a0 \u00a0 \u00a0 \u00a0 \u00a0 \u00a0 \u00a0 \u00a0 \u00a0 \u00a0 \u00a0 \u00a0 \u00a0 \u00a0 \u00a0 \u00a0 \u00a0 \u00a0 \u00a0 \u00a0 \u00a0 \u00a0 \u00a0 \u00a0 \u00a0 \u00a0 \u00a0 \u00a0<\/em><\/p>\n\n\n\n<figure class=\"wp-block-image size-large\"><img loading=\"lazy\" decoding=\"async\" width=\"1024\" height=\"683\" src=\"https:\/\/clubdiabeticossaludables.org\/wp-content\/uploads\/2026\/02\/Amigos-Diabetes-Salud-Club-Diabeticos-Saludables-1024x683.jpg\" alt=\"\" class=\"wp-image-41\" srcset=\"https:\/\/clubdiabeticossaludables.org\/wp-content\/uploads\/2026\/02\/Amigos-Diabetes-Salud-Club-Diabeticos-Saludables-1024x683.jpg 1024w, https:\/\/clubdiabeticossaludables.org\/wp-content\/uploads\/2026\/02\/Amigos-Diabetes-Salud-Club-Diabeticos-Saludables-300x200.jpg 300w, https:\/\/clubdiabeticossaludables.org\/wp-content\/uploads\/2026\/02\/Amigos-Diabetes-Salud-Club-Diabeticos-Saludables-768x512.jpg 768w, https:\/\/clubdiabeticossaludables.org\/wp-content\/uploads\/2026\/02\/Amigos-Diabetes-Salud-Club-Diabeticos-Saludables-1536x1024.jpg 1536w, https:\/\/clubdiabeticossaludables.org\/wp-content\/uploads\/2026\/02\/Amigos-Diabetes-Salud-Club-Diabeticos-Saludables-2048x1365.jpg 2048w\" sizes=\"auto, (max-width: 1024px) 100vw, 1024px\" \/><\/figure>\n\n\n\n<p><strong>Club Diab\u00e9ticos Saludables A.C. es una <\/strong><strong><em>red de amigos y profesionales organizados<\/em><\/strong><strong> en grupos de ayuda mutua donde las personas con diabetes (o prediabetes) se <\/strong><strong><em>motivan al autocuidado<\/em><\/strong><strong> de la salud integral.&nbsp;<\/strong><\/p>\n\n\n\n<p><strong>\u00bf<\/strong><strong>Qu\u00e9 nos motiva<\/strong><strong>?&nbsp;<\/strong><\/p>\n\n\n\n<p><strong>Que cada persona con diabetes (o prediabetes) pueda controlar y revertir la enfermedad y evite as\u00ed ser una estad\u00edstica m\u00e1s de muerte o discapacidad a consecuencia de una complicaci\u00f3n medica de la diabetes.<\/strong><\/p>\n\n\n\n<p><strong>\u00bf<\/strong><strong>A que aspiramos<\/strong><strong>?<\/strong><\/p>\n\n\n\n<p><strong>Ser un movimiento sociocultural saludable que logre concientizar a la sociedad sobre la realidad de la <\/strong><strong><em>adicci\u00f3n a los carbohidratos<\/em><\/strong><strong> refinados y el estr\u00e9s cr\u00f3nico como las verdaderas causas de la pandemia de diabetes en M\u00e9xico.<\/strong><\/p>\n\n\n\n<p><strong>\u00bf<\/strong><strong>Qu\u00e9 nos caracteriza<\/strong><strong>?<\/strong><\/p>\n\n\n\n<p><strong>Conciencia. Ayuda mutua. Honestidad. Respeto. Empat\u00eda. Prevenci\u00f3n. Amistad. Convivencia.<\/strong><\/p>\n","protected":false},"excerpt":{"rendered":"<p>\u00bfQu\u00e9 es CLUB DIABETICOS SALUDABLES A.C.?\u00a0 \u00a0 \u00a0 \u00a0 \u00a0 \u00a0 \u00a0 \u00a0 \u00a0 \u00a0 \u00a0 \u00a0 \u00a0 \u00a0 \u00a0 \u00a0 \u00a0 \u00a0 \u00a0 \u00a0 \u00a0 \u00a0 \u00a0 \u00a0 \u00a0 \u00a0 \u00a0 \u00a0 \u00a0 \u00a0 \u00a0 \u00a0 Club Diab\u00e9ticos Saludables A.C. es una red de amigos y profesionales organizados en grupos de ayuda mutua donde [&hellip;]<\/p>\n","protected":false},"author":1,"featured_media":0,"parent":0,"menu_order":0,"comment_status":"closed","ping_status":"closed","template":"","meta":{"footnotes":""},"class_list":["post-101","page","type-page","status-publish","hentry"],"yoast_head":"<!-- This site is optimized with the Yoast SEO plugin v26.8 - https:\/\/yoast.com\/product\/yoast-seo-wordpress\/ -->\n<title>NOSOTROS - Club Diab\u00e9ticos Saludables A.C.<\/title>\n<meta name=\"robots\" content=\"index, follow, max-snippet:-1, max-image-preview:large, max-video-preview:-1\" \/>\n<link rel=\"canonical\" href=\"https:\/\/clubdiabeticossaludables.org\/?page_id=101\" \/>\n<meta property=\"og:locale\" content=\"es_ES\" \/>\n<meta property=\"og:type\" content=\"article\" \/>\n<meta property=\"og:title\" content=\"NOSOTROS - Club Diab\u00e9ticos Saludables A.C.\" \/>\n<meta property=\"og:description\" content=\"\u00bfQu\u00e9 es CLUB DIABETICOS SALUDABLES A.C.?\u00a0 \u00a0 \u00a0 \u00a0 \u00a0 \u00a0 \u00a0 \u00a0 \u00a0 \u00a0 \u00a0 \u00a0 \u00a0 \u00a0 \u00a0 \u00a0 \u00a0 \u00a0 \u00a0 \u00a0 \u00a0 \u00a0 \u00a0 \u00a0 \u00a0 \u00a0 \u00a0 \u00a0 \u00a0 \u00a0 \u00a0 \u00a0 Club Diab\u00e9ticos Saludables A.C. es una red de amigos y profesionales organizados en grupos de ayuda mutua donde [&hellip;]\" \/>\n<meta property=\"og:url\" content=\"https:\/\/clubdiabeticossaludables.org\/?page_id=101\" \/>\n<meta property=\"og:site_name\" content=\"Club Diab\u00e9ticos Saludables A.C.\" \/>\n<meta property=\"article:modified_time\" content=\"2026-02-25T06:20:20+00:00\" \/>\n<meta property=\"og:image\" content=\"https:\/\/clubdiabeticossaludables.org\/wp-content\/uploads\/2026\/02\/Amigos-Diabetes-Salud-Club-Diabeticos-Saludables-scaled.jpg\" \/>\n\t<meta property=\"og:image:width\" content=\"2560\" \/>\n\t<meta property=\"og:image:height\" content=\"1707\" \/>\n\t<meta property=\"og:image:type\" content=\"image\/jpeg\" \/>\n<meta name=\"twitter:card\" content=\"summary_large_image\" \/>\n<meta name=\"twitter:label1\" content=\"Tiempo de lectura\" \/>\n\t<meta name=\"twitter:data1\" content=\"1 minuto\" \/>\n<script type=\"application\/ld+json\" class=\"yoast-schema-graph\">{\"@context\":\"https:\/\/schema.org\",\"@graph\":[{\"@type\":\"WebPage\",\"@id\":\"https:\/\/clubdiabeticossaludables.org\/?page_id=101\",\"url\":\"https:\/\/clubdiabeticossaludables.org\/?page_id=101\",\"name\":\"NOSOTROS - Club Diab\u00e9ticos Saludables A.C.\",\"isPartOf\":{\"@id\":\"https:\/\/clubdiabeticossaludables.org\/#website\"},\"primaryImageOfPage\":{\"@id\":\"https:\/\/clubdiabeticossaludables.org\/?page_id=101#primaryimage\"},\"image\":{\"@id\":\"https:\/\/clubdiabeticossaludables.org\/?page_id=101#primaryimage\"},\"thumbnailUrl\":\"https:\/\/clubdiabeticossaludables.org\/wp-content\/uploads\/2026\/02\/Amigos-Diabetes-Salud-Club-Diabeticos-Saludables-1024x683.jpg\",\"datePublished\":\"2026-02-23T05:20:55+00:00\",\"dateModified\":\"2026-02-25T06:20:20+00:00\",\"breadcrumb\":{\"@id\":\"https:\/\/clubdiabeticossaludables.org\/?page_id=101#breadcrumb\"},\"inLanguage\":\"es\",\"potentialAction\":[{\"@type\":\"ReadAction\",\"target\":[\"https:\/\/clubdiabeticossaludables.org\/?page_id=101\"]}]},{\"@type\":\"ImageObject\",\"inLanguage\":\"es\",\"@id\":\"https:\/\/clubdiabeticossaludables.org\/?page_id=101#primaryimage\",\"url\":\"https:\/\/clubdiabeticossaludables.org\/wp-content\/uploads\/2026\/02\/Amigos-Diabetes-Salud-Club-Diabeticos-Saludables-scaled.jpg\",\"contentUrl\":\"https:\/\/clubdiabeticossaludables.org\/wp-content\/uploads\/2026\/02\/Amigos-Diabetes-Salud-Club-Diabeticos-Saludables-scaled.jpg\",\"width\":2560,\"height\":1707},{\"@type\":\"BreadcrumbList\",\"@id\":\"https:\/\/clubdiabeticossaludables.org\/?page_id=101#breadcrumb\",\"itemListElement\":[{\"@type\":\"ListItem\",\"position\":1,\"name\":\"Portada\",\"item\":\"https:\/\/clubdiabeticossaludables.org\/\"},{\"@type\":\"ListItem\",\"position\":2,\"name\":\"NOSOTROS\"}]},{\"@type\":\"WebSite\",\"@id\":\"https:\/\/clubdiabeticossaludables.org\/#website\",\"url\":\"https:\/\/clubdiabeticossaludables.org\/\",\"name\":\"Club Diab\u00e9ticos Saludables A.C.\",\"description\":\"\",\"potentialAction\":[{\"@type\":\"SearchAction\",\"target\":{\"@type\":\"EntryPoint\",\"urlTemplate\":\"https:\/\/clubdiabeticossaludables.org\/?s={search_term_string}\"},\"query-input\":{\"@type\":\"PropertyValueSpecification\",\"valueRequired\":true,\"valueName\":\"search_term_string\"}}],\"inLanguage\":\"es\"}]}<\/script>\n<!-- \/ Yoast SEO plugin. -->","yoast_head_json":{"title":"NOSOTROS - Club Diab\u00e9ticos Saludables A.C.","robots":{"index":"index","follow":"follow","max-snippet":"max-snippet:-1","max-image-preview":"max-image-preview:large","max-video-preview":"max-video-preview:-1"},"canonical":"https:\/\/clubdiabeticossaludables.org\/?page_id=101","og_locale":"es_ES","og_type":"article","og_title":"NOSOTROS - Club Diab\u00e9ticos Saludables A.C.","og_description":"\u00bfQu\u00e9 es CLUB DIABETICOS SALUDABLES A.C.?\u00a0 \u00a0 \u00a0 \u00a0 \u00a0 \u00a0 \u00a0 \u00a0 \u00a0 \u00a0 \u00a0 \u00a0 \u00a0 \u00a0 \u00a0 \u00a0 \u00a0 \u00a0 \u00a0 \u00a0 \u00a0 \u00a0 \u00a0 \u00a0 \u00a0 \u00a0 \u00a0 \u00a0 \u00a0 \u00a0 \u00a0 \u00a0 Club Diab\u00e9ticos Saludables A.C. es una red de amigos y profesionales organizados en grupos de ayuda mutua donde [&hellip;]","og_url":"https:\/\/clubdiabeticossaludables.org\/?page_id=101","og_site_name":"Club Diab\u00e9ticos Saludables A.C.","article_modified_time":"2026-02-25T06:20:20+00:00","og_image":[{"width":2560,"height":1707,"url":"https:\/\/clubdiabeticossaludables.org\/wp-content\/uploads\/2026\/02\/Amigos-Diabetes-Salud-Club-Diabeticos-Saludables-scaled.jpg","type":"image\/jpeg"}],"twitter_card":"summary_large_image","twitter_misc":{"Tiempo de lectura":"1 minuto"},"schema":{"@context":"https:\/\/schema.org","@graph":[{"@type":"WebPage","@id":"https:\/\/clubdiabeticossaludables.org\/?page_id=101","url":"https:\/\/clubdiabeticossaludables.org\/?page_id=101","name":"NOSOTROS - Club Diab\u00e9ticos Saludables A.C.","isPartOf":{"@id":"https:\/\/clubdiabeticossaludables.org\/#website"},"primaryImageOfPage":{"@id":"https:\/\/clubdiabeticossaludables.org\/?page_id=101#primaryimage"},"image":{"@id":"https:\/\/clubdiabeticossaludables.org\/?page_id=101#primaryimage"},"thumbnailUrl":"https:\/\/clubdiabeticossaludables.org\/wp-content\/uploads\/2026\/02\/Amigos-Diabetes-Salud-Club-Diabeticos-Saludables-1024x683.jpg","datePublished":"2026-02-23T05:20:55+00:00","dateModified":"2026-02-25T06:20:20+00:00","breadcrumb":{"@id":"https:\/\/clubdiabeticossaludables.org\/?page_id=101#breadcrumb"},"inLanguage":"es","potentialAction":[{"@type":"ReadAction","target":["https:\/\/clubdiabeticossaludables.org\/?page_id=101"]}]},{"@type":"ImageObject","inLanguage":"es","@id":"https:\/\/clubdiabeticossaludables.org\/?page_id=101#primaryimage","url":"https:\/\/clubdiabeticossaludables.org\/wp-content\/uploads\/2026\/02\/Amigos-Diabetes-Salud-Club-Diabeticos-Saludables-scaled.jpg","contentUrl":"https:\/\/clubdiabeticossaludables.org\/wp-content\/uploads\/2026\/02\/Amigos-Diabetes-Salud-Club-Diabeticos-Saludables-scaled.jpg","width":2560,"height":1707},{"@type":"BreadcrumbList","@id":"https:\/\/clubdiabeticossaludables.org\/?page_id=101#breadcrumb","itemListElement":[{"@type":"ListItem","position":1,"name":"Portada","item":"https:\/\/clubdiabeticossaludables.org\/"},{"@type":"ListItem","position":2,"name":"NOSOTROS"}]},{"@type":"WebSite","@id":"https:\/\/clubdiabeticossaludables.org\/#website","url":"https:\/\/clubdiabeticossaludables.org\/","name":"Club Diab\u00e9ticos Saludables A.C.","description":"","potentialAction":[{"@type":"SearchAction","target":{"@type":"EntryPoint","urlTemplate":"https:\/\/clubdiabeticossaludables.org\/?s={search_term_string}"},"query-input":{"@type":"PropertyValueSpecification","valueRequired":true,"valueName":"search_term_string"}}],"inLanguage":"es"}]}},"_links":{"self":[{"href":"https:\/\/clubdiabeticossaludables.org\/index.php?rest_route=\/wp\/v2\/pages\/101","targetHints":{"allow":["GET"]}}],"collection":[{"href":"https:\/\/clubdiabeticossaludables.org\/index.php?rest_route=\/wp\/v2\/pages"}],"about":[{"href":"https:\/\/clubdiabeticossaludables.org\/index.php?rest_route=\/wp\/v2\/types\/page"}],"author":[{"embeddable":true,"href":"https:\/\/clubdiabeticossaludables.org\/index.php?rest_route=\/wp\/v2\/users\/1"}],"replies":[{"embeddable":true,"href":"https:\/\/clubdiabeticossaludables.org\/index.php?rest_route=%2Fwp%2Fv2%2Fcomments&post=101"}],"version-history":[{"count":2,"href":"https:\/\/clubdiabeticossaludables.org\/index.php?rest_route=\/wp\/v2\/pages\/101\/revisions"}],"predecessor-version":[{"id":137,"href":"https:\/\/clubdiabeticossaludables.org\/index.php?rest_route=\/wp\/v2\/pages\/101\/revisions\/137"}],"wp:attachment":[{"href":"https:\/\/clubdiabeticossaludables.org\/index.php?rest_route=%2Fwp%2Fv2%2Fmedia&parent=101"}],"curies":[{"name":"wp","href":"https:\/\/api.w.org\/{rel}","templated":true}]}}